{"id":4483,"date":"2024-10-01T13:09:00","date_gmt":"2024-10-01T11:09:00","guid":{"rendered":"https:\/\/saspi.verproyecto.es\/?page_id=4483"},"modified":"2025-02-13T12:38:25","modified_gmt":"2025-02-13T11:38:25","slug":"gv-roulage-a-chaud","status":"publish","type":"page","link":"https:\/\/saspi.verproyecto.es\/fr\/gv-roulage-a-chaud\/","title":{"rendered":"GV &#8211; Roulage \u00e0 chaud"},"content":{"rendered":"<div class=\"wpb-content-wrapper\"><p>[vc_row css=\u00a0\u00bb.vc_custom_1727355300540{padding-top: 90px !important;padding-bottom: 30px !important;}\u00a0\u00bb][vc_column]<div id=\"ultimate-heading-28696a0738dde7525\" class=\"uvc-heading ult-adjust-bottom-margin ultimate-heading-28696a0738dde7525 uvc-367 accent-border-color\" data-hspacer=\"line_only\"  data-halign=\"left\" style=\"text-align:left\"><div class=\"uvc-main-heading ult-responsive\"  data-ultimate-target='.uvc-heading.ultimate-heading-28696a0738dde7525 h3'  data-responsive-json-new='{\"font-size\":\"desktop:34px;mobile_landscape:24px;\",\"line-height\":\"desktop:44px;mobile_landscape:34px;\"}' ><h3 style=\"font-weight:bold;margin-bottom:20px;\">GV - Roulage \u00e0 chaud<\/h3><\/div><div class=\"uvc-heading-spacer line_only\" style=\"margin-bottom:30px;height:3px;\"><span class=\"uvc-headings-line\" style=\"border-style:solid;border-bottom-width:3px;border-color:;width:150px;\"><\/span><\/div><\/div>[vc_row_inner css=\u00a0\u00bb.vc_custom_1727435259841{padding-top: 50px !important;padding-bottom: 40px !important;}\u00a0\u00bb][vc_column_inner width=\u00a0\u00bb1\/2&Prime;][vc_single_image image=\u00a0\u00bb5951&Prime; img_size=\u00a0\u00bblarge\u00a0\u00bb css=\u00a0\u00bb\u00a0\u00bb]<style type=\"text\/css\" data-type=\"the7_shortcodes-inline-css\">.gallery-carousel-shortcode.gallery-carousel-shortcode-id-7c62575021ade9527ee5dec81868c4ff.owl-carousel .owl-nav div {\n  width: 36px;\n  height: 36px;\n  border-radius: 500px;\n}\n.dt-arrow-border-on.gallery-carousel-shortcode.gallery-carousel-shortcode-id-7c62575021ade9527ee5dec81868c4ff.owl-carousel .owl-nav div:not(:hover):before {\n  border-width: 0px;\n}\n.dt-arrow-hover-border-on.gallery-carousel-shortcode.gallery-carousel-shortcode-id-7c62575021ade9527ee5dec81868c4ff.owl-carousel .owl-nav div:hover:after {\n  border-width: 0px;\n}\n.gallery-carousel-shortcode.gallery-carousel-shortcode-id-7c62575021ade9527ee5dec81868c4ff.owl-carousel .owl-nav div.owl-prev {\n  top: 50%;\n  transform: translateY(calc(-50% + 0px));\n  left: -20px;\n}\n@media all and (-ms-high-contrast: none) {\n  .gallery-carousel-shortcode.gallery-carousel-shortcode-id-7c62575021ade9527ee5dec81868c4ff.owl-carousel .owl-nav div.owl-prev {\n    transform: translateY(-50%);\n    margin-top: 0px;\n  }\n}\n.gallery-carousel-shortcode.gallery-carousel-shortcode-id-7c62575021ade9527ee5dec81868c4ff.owl-carousel .owl-nav div.owl-prev i {\n  padding: 0px 0px 0px 0px;\n}\n.gallery-carousel-shortcode.gallery-carousel-shortcode-id-7c62575021ade9527ee5dec81868c4ff.owl-carousel .owl-nav div.owl-next {\n  top: 50%;\n  transform: translateY(calc(-50% + 0px));\n  right: 0px;\n}\n@media all and (-ms-high-contrast: none) {\n  .gallery-carousel-shortcode.gallery-carousel-shortcode-id-7c62575021ade9527ee5dec81868c4ff.owl-carousel .owl-nav div.owl-next {\n    transform: translateY(-50%);\n    margin-top: 0px;\n  }\n}\n.gallery-carousel-shortcode.gallery-carousel-shortcode-id-7c62575021ade9527ee5dec81868c4ff.owl-carousel .owl-nav div.owl-next i {\n  padding: 0px 0px 0px 0px;\n}\n.gallery-carousel-shortcode.gallery-carousel-shortcode-id-7c62575021ade9527ee5dec81868c4ff.owl-carousel .owl-nav i {\n  font-size: 18px;\n}\n.gallery-carousel-shortcode.gallery-carousel-shortcode-id-7c62575021ade9527ee5dec81868c4ff.owl-carousel .owl-nav div:not(:hover) i,\n.gallery-carousel-shortcode.gallery-carousel-shortcode-id-7c62575021ade9527ee5dec81868c4ff.owl-carousel .owl-nav div:not(:hover) i:before {\n  color: #ffffff;\n  background: none;\n}\n.gallery-carousel-shortcode.gallery-carousel-shortcode-id-7c62575021ade9527ee5dec81868c4ff.owl-carousel .owl-nav div:hover i,\n.gallery-carousel-shortcode.gallery-carousel-shortcode-id-7c62575021ade9527ee5dec81868c4ff.owl-carousel .owl-nav div:hover i:before {\n  color: rgba(255,255,255,0.75);\n  background: none;\n}\n.gallery-carousel-shortcode.gallery-carousel-shortcode-id-7c62575021ade9527ee5dec81868c4ff .owl-dots {\n  top: calc(100% + 20px);\n  left: 50%;\n  transform: translateX(calc(-50% + 0px));\n}\n@media all and (-ms-high-contrast: none) {\n  .gallery-carousel-shortcode.gallery-carousel-shortcode-id-7c62575021ade9527ee5dec81868c4ff .owl-dots {\n    transform: translateX(-50%);\n    margin-left: 0px;\n  }\n}\n.gallery-carousel-shortcode.gallery-carousel-shortcode-id-7c62575021ade9527ee5dec81868c4ff .owl-dot {\n  width: 10px;\n  height: 10px;\n  margin: 0 8px;\n}\n@media screen and (max-width: 778px) {\n  .gallery-carousel-shortcode.gallery-carousel-shortcode-id-7c62575021ade9527ee5dec81868c4ff.hide-arrows .owl-nav a {\n    display: none;\n  }\n}\n@media screen and (max-width: 778px) {\n  .gallery-carousel-shortcode.gallery-carousel-shortcode-id-7c62575021ade9527ee5dec81868c4ff.reposition-arrows .owl-nav .owl-prev {\n    top: 50%;\n    transform: translateY(calc(-50% + 0px));\n    left: 10px;\n  }\n  .gallery-carousel-shortcode.gallery-carousel-shortcode-id-7c62575021ade9527ee5dec81868c4ff.reposition-arrows .owl-nav .owl-next {\n    top: 50%;\n    transform: translateY(calc(-50% + 0px));\n    right: 10px;\n  }\n}\n@media screen and (max-width: 778px) and all and (-ms-high-contrast: none) {\n  .gallery-carousel-shortcode.gallery-carousel-shortcode-id-7c62575021ade9527ee5dec81868c4ff.reposition-arrows .owl-nav .owl-prev {\n    transform: translateY(-50%);\n    margin-top: 0px;\n  }\n}\n@media screen and (max-width: 778px) and all and (-ms-high-contrast: none) {\n  .gallery-carousel-shortcode.gallery-carousel-shortcode-id-7c62575021ade9527ee5dec81868c4ff.reposition-arrows .owl-nav .owl-next {\n    transform: translateY(-50%);\n    margin-top: 0px;\n  }\n}\n.gallery-carousel-shortcode.gallery-carousel-shortcode-id-7c62575021ade9527ee5dec81868c4ff figure,\n.gallery-carousel-shortcode.gallery-carousel-shortcode-id-7c62575021ade9527ee5dec81868c4ff .rollover,\n.gallery-carousel-shortcode.gallery-carousel-shortcode-id-7c62575021ade9527ee5dec81868c4ff img,\n.gallery-carousel-shortcode.gallery-carousel-shortcode-id-7c62575021ade9527ee5dec81868c4ff .gallery-rollover {\n  border-radius: 0px;\n}\n.gallery-carousel-shortcode.gallery-carousel-shortcode-id-7c62575021ade9527ee5dec81868c4ff.enable-bg-rollover .gallery-rollover {\n  background: -webkit-linear-gradient();\n  background: linear-gradient();\n}\n.gallery-carousel-shortcode.gallery-carousel-shortcode-id-7c62575021ade9527ee5dec81868c4ff.enable-img-shadow .owl-stage-outer {\n  padding: 14px 0;\n}\n.gallery-carousel-shortcode.gallery-carousel-shortcode-id-7c62575021ade9527ee5dec81868c4ff.enable-bg-rollover.hover-scale figure .rollover:after {\n  background: -webkit-linear-gradient();\n  background: linear-gradient();\n}\n.gallery-carousel-shortcode.gallery-carousel-shortcode-id-7c62575021ade9527ee5dec81868c4ff.gallery-shortcode .gallery-zoom-ico {\n  width: 44px;\n  height: 44px;\n  line-height: 44px;\n  border-radius: 100px;\n  margin: -22px 0 0 -22px;\n  border-width: 0px;\n}\n.dt-icon-bg-on.gallery-carousel-shortcode.gallery-carousel-shortcode-id-7c62575021ade9527ee5dec81868c4ff.gallery-shortcode .gallery-zoom-ico {\n  background: rgba(255,255,255,0.3);\n  box-shadow: none;\n}\n.gallery-carousel-shortcode.gallery-carousel-shortcode-id-7c62575021ade9527ee5dec81868c4ff.gallery-shortcode .gallery-zoom-ico:before,\n.gallery-carousel-shortcode.gallery-carousel-shortcode-id-7c62575021ade9527ee5dec81868c4ff.gallery-shortcode .gallery-zoom-ico span {\n  font-size: 32px;\n  line-height: 44px;\n  color: #ffffff;\n  background: none;\n}\n<\/style><div class=\"owl-carousel gallery-carousel-shortcode gallery-shortcode  dt-gallery-container dt-owl-carousel-call gallery-carousel-shortcode-id-7c62575021ade9527ee5dec81868c4ff quick-scale-img enable-bg-rollover meta-info-off dt-arrow-border-on dt-arrow-hover-border-on bullets-small-dot-stroke reposition-arrows dt-icon-bg-off arrows-bg-on disable-arrows-hover-bg arrows-hover-bg-on  hover-fade \" data-scroll-mode=\"1\" data-col-num=\"6\" data-wide-col-num=\"6\" data-laptop-col=\"5\" data-h-tablet-columns-num=\"4\" data-v-tablet-columns-num=\"3\" data-phone-columns-num=\"1\" data-col-gap=\"10\" data-stage-padding=\"0\" data-speed=\"600\" data-autoplay=\"false\" data-autoplay_speed=\"6000\" data-arrows=\"true\" data-bullet=\"false\" data-next-icon=\"icon-ar-017-r\" data-prev-icon=\"icon-ar-017-l\" data-img-shadow-size=\"12px\" data-img-shadow-spread=\"3px\"><div data-post-id=\"5951\" data-date=\"2025-02-13T12:35:53+01:00\" data-name=\"GV4 blanco (1)\"><figure class=\"post\"><a href=\"https:\/\/saspi.verproyecto.es\/wp-content\/uploads\/2025\/02\/GV4-blanco-1.jpg\" class=\"rollover dt-pswp-item layzr-bg\" data-large_image_width=\"1024\" data-large_image_height=\"752\" data-dt-img-description=\"\" title=\"GV4 blanco (1)\"><img fetchpriority=\"high\" decoding=\"async\" class=\"preload-me owl-lazy-load aspect\" src=\"data:image\/svg+xml,%3Csvg%20xmlns%3D&#39;http%3A%2F%2Fwww.w3.org%2F2000%2Fsvg&#39;%20viewBox%3D&#39;0%200%20752%20752&#39;%2F%3E\" data-src=\"https:\/\/saspi.verproyecto.es\/wp-content\/uploads\/2025\/02\/GV4-blanco-1-752x752.jpg\" data-srcset=\"https:\/\/saspi.verproyecto.es\/wp-content\/uploads\/2025\/02\/GV4-blanco-1-752x752.jpg 752w\" loading=\"eager\" style=\"--ratio: 752 \/ 752\" sizes=\"(max-width: 752px) 100vw, 752px\" alt=\"\" width=\"752\" height=\"752\"  \/><span class=\"gallery-rollover\"><span class=\"gallery-zoom-ico icomoon-the7-font-the7-zoom-06\"><span><\/span><\/span><\/span><\/a><\/figure><\/div><div data-post-id=\"4076\" data-date=\"2024-10-01T13:08:46+02:00\" data-name=\"peine-plano_2\"><figure class=\"post\"><a href=\"https:\/\/saspi.verproyecto.es\/wp-content\/uploads\/2024\/10\/peine-plano_2.jpg\" class=\"rollover dt-pswp-item layzr-bg\" data-large_image_width=\"1024\" data-large_image_height=\"682\" data-dt-img-description=\"\" title=\"peine-plano_2\"><img decoding=\"async\" class=\"preload-me owl-lazy-load aspect\" src=\"data:image\/svg+xml,%3Csvg%20xmlns%3D&#39;http%3A%2F%2Fwww.w3.org%2F2000%2Fsvg&#39;%20viewBox%3D&#39;0%200%20682%20682&#39;%2F%3E\" data-src=\"https:\/\/saspi.verproyecto.es\/wp-content\/uploads\/2024\/10\/peine-plano_2-682x682.jpg\" data-srcset=\"https:\/\/saspi.verproyecto.es\/wp-content\/uploads\/2024\/10\/peine-plano_2-682x682.jpg 682w\" loading=\"eager\" style=\"--ratio: 682 \/ 682\" sizes=\"(max-width: 682px) 100vw, 682px\" alt=\"\" width=\"682\" height=\"682\"  \/><span class=\"gallery-rollover\"><span class=\"gallery-zoom-ico icomoon-the7-font-the7-zoom-06\"><span><\/span><\/span><\/span><\/a><\/figure><\/div><div data-post-id=\"4074\" data-date=\"2024-10-01T13:08:45+02:00\" data-name=\"peine-plano_3\"><figure class=\"post\"><a href=\"https:\/\/saspi.verproyecto.es\/wp-content\/uploads\/2024\/10\/peine-plano_3.jpg\" class=\"rollover dt-pswp-item layzr-bg\" data-large_image_width=\"1024\" data-large_image_height=\"683\" data-dt-img-description=\"\" title=\"peine-plano_3\"><img decoding=\"async\" class=\"preload-me owl-lazy-load aspect\" src=\"data:image\/svg+xml,%3Csvg%20xmlns%3D&#39;http%3A%2F%2Fwww.w3.org%2F2000%2Fsvg&#39;%20viewBox%3D&#39;0%200%20683%20683&#39;%2F%3E\" data-src=\"https:\/\/saspi.verproyecto.es\/wp-content\/uploads\/2024\/10\/peine-plano_3-683x683.jpg\" data-srcset=\"https:\/\/saspi.verproyecto.es\/wp-content\/uploads\/2024\/10\/peine-plano_3-683x683.jpg 683w\" loading=\"eager\" style=\"--ratio: 683 \/ 683\" sizes=\"(max-width: 683px) 100vw, 683px\" alt=\"\" width=\"683\" height=\"683\"  \/><span class=\"gallery-rollover\"><span class=\"gallery-zoom-ico icomoon-the7-font-the7-zoom-06\"><span><\/span><\/span><\/span><\/a><\/figure><\/div><\/div>[\/vc_column_inner][vc_column_inner width=\u00a0\u00bb1\/2&Prime;][vc_column_text css=\u00a0\u00bb\u00a0\u00bb]<strong>Roulage \u00e0 chaud<\/strong>\u00a0o\u00f9 la qualit\u00e9 et la pr\u00e9cision du produit sont essentielles.<\/p>\n<p>Les machines de roulage SASPI garantissent la plus haute qualit\u00e9 des produits pour r\u00e9pondre aux attentes et \u00e0 la r\u00e8glementation applicable dans\u00a0<strong>l&rsquo;industrie a\u00e9ronautique<\/strong> et aux pi\u00e8ces hautement performantes.<\/p>\n<p>Outre toute la technologie disponible sur le rouleuses SASPI qui permet d&rsquo;assurer la mise au pont la plus rapide, les machines \u00e1 chaud sont \u00e9quip\u00e9es d&rsquo;un<strong>\u00a0syst\u00e8me d&rsquo;induction<\/strong> qui chauffe la pi\u00e9ce \u00e1 la temp\u00e9rature souhait\u00e9e.<\/p>\n<p>La machine v\u00e9rifie que les pi\u00e8ces soient bien chauff\u00e9es \u00e0 la bonne temp\u00e9rature pour \u00e9viter toute perte de propri\u00e9t\u00e9s de la mati\u00e8re et p\u00f2ur ne laisser passer que les bonnes pi\u00e8ces.[\/vc_column_text]<style type=\"text\/css\" data-type=\"the7_shortcodes-inline-css\">#default-btn-bb5bb70067f60a52dffb0cf40edd279b.ico-right-side > i {\n  margin-right: 0px;\n  margin-left: 8px;\n}\n#default-btn-bb5bb70067f60a52dffb0cf40edd279b > i {\n  margin-right: 8px;\n}\n<\/style><a href=\"https:\/\/saspi.verproyecto.es\/wp-content\/uploads\/2024\/10\/GV_ROSCADORA_PEINE_PLANO_EN_CALIENTE.pdf\" class=\"default-btn-shortcode dt-btn dt-btn-s link-hover-off btn-inline-left \" target=\"_blank\" id=\"default-btn-bb5bb70067f60a52dffb0cf40edd279b\" rel=\"noopener\"><span>VOIR LA FICHE TECHNIQUE<\/span><\/a>[\/vc_column_inner][\/vc_row_inner][\/vc_column][\/vc_row][vc_row full_width=\u00a0\u00bbstretch_row\u00a0\u00bb equal_height=\u00a0\u00bbyes\u00a0\u00bb css=\u00a0\u00bb.vc_custom_1729595763554{padding-top: 40px !important;padding-bottom: 20px !important;background-color: #f5f5f5 !important;}\u00a0\u00bb][vc_column width=\u00a0\u00bb1\/2&Prime;]<div id=\"ultimate-heading-66466a0738dde8ade\" class=\"uvc-heading ult-adjust-bottom-margin ultimate-heading-66466a0738dde8ade uvc-4231 accent-border-color\" data-hspacer=\"line_only\"  data-halign=\"left\" style=\"text-align:left\"><div class=\"uvc-main-heading ult-responsive\"  data-ultimate-target='.uvc-heading.ultimate-heading-66466a0738dde8ade h2'  data-responsive-json-new='{\"font-size\":\"mobile_landscape:24px;\",\"line-height\":\"mobile_landscape:34px;\"}' ><h2 style=\"font-weight:bold;margin-top:30px;margin-bottom:15px;\">Contactez notre \u00e9quipe d'experts<\/h2><\/div><div class=\"uvc-heading-spacer line_only\" style=\"margin-bottom:30px;height:3px;\"><span class=\"uvc-headings-line\" style=\"border-style:solid;border-bottom-width:3px;border-color:;width:150px;\"><\/span><\/div><\/div>[vc_column_text css=\u00a0\u00bb\u00a0\u00bb]<\/p>\n<div class=\"elementor-element elementor-element-6314777f elementor-widget elementor-widget-text-editor\" data-id=\"6314777f\" data-element_type=\"widget\" data-widget_type=\"text-editor.default\">\n<h3>Parler plus tard?<\/h3>\n<\/div>\n<p>&nbsp;<\/p>\n<p>Nous sommes \u00e0 votre disposition pour r\u00e9pondre \u00e0 tous vos besoins, depuis la r\u00e9ponse \u00e0 vos questions jusqu&rsquo;\u00e0 l&rsquo;offre de plus amples informations et d\u00e9tails sur nos solutions et services.<\/p>\n<div class=\"elementor-element elementor-element-6314777f elementor-widget elementor-widget-text-editor\" data-id=\"6314777f\" data-element_type=\"widget\" data-widget_type=\"text-editor.default\">\n<div class=\"elementor-widget-container\">\n<div class=\"elementor-text-editor elementor-clearfix\"><\/div>\n<\/div>\n<\/div>\n<p>[\/vc_column_text][\/vc_column][vc_column width=\u00a0\u00bb1\/2&Prime; css=\u00a0\u00bb.vc_custom_1729595777246{padding-bottom: 60px !important;}\u00a0\u00bb][vc_raw_html css=\u00a0\u00bb.vc_custom_1739446701130{margin-top: -25px !important;}\u00a0\u00bb]JTNDZGl2JTIwY2xhc3MlM0QlMjJfZm9ybV8xNiUyMiUzRSUzQyUyRmRpdiUzRSUzQ3NjcmlwdCUyMHNyYyUzRCUyMmh0dHBzJTNBJTJGJTJGc2FzcGkuYWN0aXZlaG9zdGVkLmNvbSUyRmYlMkZlbWJlZC5waHAlM0ZpZCUzRDE2JTIyJTIwY2hhcnNldCUzRCUyMnV0Zi04JTIyJTNFJTNDJTJGc2NyaXB0JTNF[\/vc_raw_html][\/vc_column][\/vc_row]<\/p>\n<\/div>","protected":false},"excerpt":{"rendered":"<p>[vc_row css=\u00a0\u00bb.vc_custom_1727355300540{padding-top: 90px !important;padding-bottom: 30px !important;}\u00a0\u00bb][vc_column][vc_row_inner css=\u00a0\u00bb.vc_custom_1727435259841{padding-top: 50px !important;padding-bottom: 40px !important;}\u00a0\u00bb][vc_column_inner width=\u00a0\u00bb1\/2&Prime;][vc_single_image image=\u00a0\u00bb5951&Prime; img_size=\u00a0\u00bblarge\u00a0\u00bb css=\u00a0\u00bb\u00a0\u00bb][\/vc_column_inner][vc_column_inner width=\u00a0\u00bb1\/2&Prime;][vc_column_text css=\u00a0\u00bb\u00a0\u00bb]Roulage \u00e0 chaud\u00a0o\u00f9 la qualit\u00e9 et la pr\u00e9cision du produit sont essentielles. Les machines de roulage SASPI garantissent la plus haute qualit\u00e9 des produits pour r\u00e9pondre aux attentes et \u00e0 la r\u00e8glementation applicable dans\u00a0l&rsquo;industrie a\u00e9ronautique et aux pi\u00e8ces hautement&hellip;<\/p>\n","protected":false},"author":1,"featured_media":0,"parent":0,"menu_order":15,"comment_status":"closed","ping_status":"open","template":"","meta":{"footnotes":""},"class_list":["post-4483","page","type-page","status-publish","hentry","description-off"],"yoast_head":"<!-- This site is optimized with the Yoast SEO plugin v23.8 - https:\/\/yoast.com\/wordpress\/plugins\/seo\/ -->\n<title>GV - Roulage \u00e0 chaud - Fabricantes de maquinaria y herramientas para torniller\u00eda<\/title>\n<meta name=\"robots\" content=\"noindex, follow, max-snippet:-1, max-image-preview:large, max-video-preview:-1\" \/>\n<meta property=\"og:locale\" content=\"fr_FR\" \/>\n<meta property=\"og:type\" content=\"article\" \/>\n<meta property=\"og:title\" content=\"GV - Roulage \u00e0 chaud - Fabricantes de maquinaria y herramientas para torniller\u00eda\" \/>\n<meta property=\"og:description\" content=\"[vc_row css=\u00a0\u00bb.vc_custom_1727355300540{padding-top: 90px !important;padding-bottom: 30px !important;}\u00a0\u00bb][vc_column][vc_row_inner css=\u00a0\u00bb.vc_custom_1727435259841{padding-top: 50px !important;padding-bottom: 40px !important;}\u00a0\u00bb][vc_column_inner width=\u00a0\u00bb1\/2&Prime;][vc_single_image image=\u00a0\u00bb5951&Prime; img_size=\u00a0\u00bblarge\u00a0\u00bb css=\u00a0\u00bb\u00a0\u00bb][\/vc_column_inner][vc_column_inner width=\u00a0\u00bb1\/2&Prime;][vc_column_text css=\u00a0\u00bb\u00a0\u00bb]Roulage \u00e0 chaud\u00a0o\u00f9 la qualit\u00e9 et la pr\u00e9cision du produit sont essentielles. Les machines de roulage SASPI garantissent la plus haute qualit\u00e9 des produits pour r\u00e9pondre aux attentes et \u00e0 la r\u00e8glementation applicable dans\u00a0l&rsquo;industrie a\u00e9ronautique et aux pi\u00e8ces hautement&hellip;\" \/>\n<meta property=\"og:url\" content=\"https:\/\/saspi.verproyecto.es\/fr\/gv-roulage-a-chaud\/\" \/>\n<meta property=\"og:site_name\" content=\"Fabricantes de maquinaria y herramientas para torniller\u00eda\" \/>\n<meta property=\"article:modified_time\" content=\"2025-02-13T11:38:25+00:00\" \/>\n<meta name=\"twitter:card\" content=\"summary_large_image\" \/>\n<meta name=\"twitter:label1\" content=\"Dur\u00e9e de lecture estim\u00e9e\" \/>\n\t<meta name=\"twitter:data1\" content=\"2 minutes\" \/>\n<script type=\"application\/ld+json\" class=\"yoast-schema-graph\">{\"@context\":\"https:\/\/schema.org\",\"@graph\":[{\"@type\":\"WebPage\",\"@id\":\"https:\/\/saspi.verproyecto.es\/fr\/gv-roulage-a-chaud\/\",\"url\":\"https:\/\/saspi.verproyecto.es\/fr\/gv-roulage-a-chaud\/\",\"name\":\"GV - Roulage \u00e0 chaud - Fabricantes de maquinaria y herramientas para torniller\u00eda\",\"isPartOf\":{\"@id\":\"https:\/\/saspi.verproyecto.es\/#website\"},\"datePublished\":\"2024-10-01T11:09:00+00:00\",\"dateModified\":\"2025-02-13T11:38:25+00:00\",\"breadcrumb\":{\"@id\":\"https:\/\/saspi.verproyecto.es\/fr\/gv-roulage-a-chaud\/#breadcrumb\"},\"inLanguage\":\"fr-FR\",\"potentialAction\":[{\"@type\":\"ReadAction\",\"target\":[\"https:\/\/saspi.verproyecto.es\/fr\/gv-roulage-a-chaud\/\"]}]},{\"@type\":\"BreadcrumbList\",\"@id\":\"https:\/\/saspi.verproyecto.es\/fr\/gv-roulage-a-chaud\/#breadcrumb\",\"itemListElement\":[{\"@type\":\"ListItem\",\"position\":1,\"name\":\"Portada\",\"item\":\"https:\/\/saspi.verproyecto.es\/fr\/\"},{\"@type\":\"ListItem\",\"position\":2,\"name\":\"GV &#8211; Roulage \u00e0 chaud\"}]},{\"@type\":\"WebSite\",\"@id\":\"https:\/\/saspi.verproyecto.es\/#website\",\"url\":\"https:\/\/saspi.verproyecto.es\/\",\"name\":\"Fabricantes de maquinaria y herramientas para torniller\u00eda\",\"description\":\"\",\"publisher\":{\"@id\":\"https:\/\/saspi.verproyecto.es\/#organization\"},\"potentialAction\":[{\"@type\":\"SearchAction\",\"target\":{\"@type\":\"EntryPoint\",\"urlTemplate\":\"https:\/\/saspi.verproyecto.es\/?s={search_term_string}\"},\"query-input\":{\"@type\":\"PropertyValueSpecification\",\"valueRequired\":true,\"valueName\":\"search_term_string\"}}],\"inLanguage\":\"fr-FR\"},{\"@type\":\"Organization\",\"@id\":\"https:\/\/saspi.verproyecto.es\/#organization\",\"name\":\"Fabricantes de maquinaria y herramientas para torniller\u00eda\",\"url\":\"https:\/\/saspi.verproyecto.es\/\",\"logo\":{\"@type\":\"ImageObject\",\"inLanguage\":\"fr-FR\",\"@id\":\"https:\/\/saspi.verproyecto.es\/#\/schema\/logo\/image\/\",\"url\":\"https:\/\/saspi.verproyecto.es\/wp-content\/uploads\/2024\/10\/saspi-logo.png\",\"contentUrl\":\"https:\/\/saspi.verproyecto.es\/wp-content\/uploads\/2024\/10\/saspi-logo.png\",\"width\":154,\"height\":154,\"caption\":\"Fabricantes de maquinaria y herramientas para torniller\u00eda\"},\"image\":{\"@id\":\"https:\/\/saspi.verproyecto.es\/#\/schema\/logo\/image\/\"}}]}<\/script>\n<!-- \/ Yoast SEO plugin. -->","yoast_head_json":{"title":"GV - Roulage \u00e0 chaud - Fabricantes de maquinaria y herramientas para torniller\u00eda","robots":{"index":"noindex","follow":"follow","max-snippet":"max-snippet:-1","max-image-preview":"max-image-preview:large","max-video-preview":"max-video-preview:-1"},"og_locale":"fr_FR","og_type":"article","og_title":"GV - Roulage \u00e0 chaud - Fabricantes de maquinaria y herramientas para torniller\u00eda","og_description":"[vc_row css=\u00a0\u00bb.vc_custom_1727355300540{padding-top: 90px !important;padding-bottom: 30px !important;}\u00a0\u00bb][vc_column][vc_row_inner css=\u00a0\u00bb.vc_custom_1727435259841{padding-top: 50px !important;padding-bottom: 40px !important;}\u00a0\u00bb][vc_column_inner width=\u00a0\u00bb1\/2&Prime;][vc_single_image image=\u00a0\u00bb5951&Prime; img_size=\u00a0\u00bblarge\u00a0\u00bb css=\u00a0\u00bb\u00a0\u00bb][\/vc_column_inner][vc_column_inner width=\u00a0\u00bb1\/2&Prime;][vc_column_text css=\u00a0\u00bb\u00a0\u00bb]Roulage \u00e0 chaud\u00a0o\u00f9 la qualit\u00e9 et la pr\u00e9cision du produit sont essentielles. Les machines de roulage SASPI garantissent la plus haute qualit\u00e9 des produits pour r\u00e9pondre aux attentes et \u00e0 la r\u00e8glementation applicable dans\u00a0l&rsquo;industrie a\u00e9ronautique et aux pi\u00e8ces hautement&hellip;","og_url":"https:\/\/saspi.verproyecto.es\/fr\/gv-roulage-a-chaud\/","og_site_name":"Fabricantes de maquinaria y herramientas para torniller\u00eda","article_modified_time":"2025-02-13T11:38:25+00:00","twitter_card":"summary_large_image","twitter_misc":{"Dur\u00e9e de lecture estim\u00e9e":"2 minutes"},"schema":{"@context":"https:\/\/schema.org","@graph":[{"@type":"WebPage","@id":"https:\/\/saspi.verproyecto.es\/fr\/gv-roulage-a-chaud\/","url":"https:\/\/saspi.verproyecto.es\/fr\/gv-roulage-a-chaud\/","name":"GV - Roulage \u00e0 chaud - Fabricantes de maquinaria y herramientas para torniller\u00eda","isPartOf":{"@id":"https:\/\/saspi.verproyecto.es\/#website"},"datePublished":"2024-10-01T11:09:00+00:00","dateModified":"2025-02-13T11:38:25+00:00","breadcrumb":{"@id":"https:\/\/saspi.verproyecto.es\/fr\/gv-roulage-a-chaud\/#breadcrumb"},"inLanguage":"fr-FR","potentialAction":[{"@type":"ReadAction","target":["https:\/\/saspi.verproyecto.es\/fr\/gv-roulage-a-chaud\/"]}]},{"@type":"BreadcrumbList","@id":"https:\/\/saspi.verproyecto.es\/fr\/gv-roulage-a-chaud\/#breadcrumb","itemListElement":[{"@type":"ListItem","position":1,"name":"Portada","item":"https:\/\/saspi.verproyecto.es\/fr\/"},{"@type":"ListItem","position":2,"name":"GV &#8211; Roulage \u00e0 chaud"}]},{"@type":"WebSite","@id":"https:\/\/saspi.verproyecto.es\/#website","url":"https:\/\/saspi.verproyecto.es\/","name":"Fabricantes de maquinaria y herramientas para torniller\u00eda","description":"","publisher":{"@id":"https:\/\/saspi.verproyecto.es\/#organization"},"potentialAction":[{"@type":"SearchAction","target":{"@type":"EntryPoint","urlTemplate":"https:\/\/saspi.verproyecto.es\/?s={search_term_string}"},"query-input":{"@type":"PropertyValueSpecification","valueRequired":true,"valueName":"search_term_string"}}],"inLanguage":"fr-FR"},{"@type":"Organization","@id":"https:\/\/saspi.verproyecto.es\/#organization","name":"Fabricantes de maquinaria y herramientas para torniller\u00eda","url":"https:\/\/saspi.verproyecto.es\/","logo":{"@type":"ImageObject","inLanguage":"fr-FR","@id":"https:\/\/saspi.verproyecto.es\/#\/schema\/logo\/image\/","url":"https:\/\/saspi.verproyecto.es\/wp-content\/uploads\/2024\/10\/saspi-logo.png","contentUrl":"https:\/\/saspi.verproyecto.es\/wp-content\/uploads\/2024\/10\/saspi-logo.png","width":154,"height":154,"caption":"Fabricantes de maquinaria y herramientas para torniller\u00eda"},"image":{"@id":"https:\/\/saspi.verproyecto.es\/#\/schema\/logo\/image\/"}}]}},"_links":{"self":[{"href":"https:\/\/saspi.verproyecto.es\/fr\/wp-json\/wp\/v2\/pages\/4483","targetHints":{"allow":["GET"]}}],"collection":[{"href":"https:\/\/saspi.verproyecto.es\/fr\/wp-json\/wp\/v2\/pages"}],"about":[{"href":"https:\/\/saspi.verproyecto.es\/fr\/wp-json\/wp\/v2\/types\/page"}],"author":[{"embeddable":true,"href":"https:\/\/saspi.verproyecto.es\/fr\/wp-json\/wp\/v2\/users\/1"}],"replies":[{"embeddable":true,"href":"https:\/\/saspi.verproyecto.es\/fr\/wp-json\/wp\/v2\/comments?post=4483"}],"version-history":[{"count":6,"href":"https:\/\/saspi.verproyecto.es\/fr\/wp-json\/wp\/v2\/pages\/4483\/revisions"}],"predecessor-version":[{"id":5957,"href":"https:\/\/saspi.verproyecto.es\/fr\/wp-json\/wp\/v2\/pages\/4483\/revisions\/5957"}],"wp:attachment":[{"href":"https:\/\/saspi.verproyecto.es\/fr\/wp-json\/wp\/v2\/media?parent=4483"}],"curies":[{"name":"wp","href":"https:\/\/api.w.org\/{rel}","templated":true}]}}